{"id":2662,"date":"2024-02-18T21:44:20","date_gmt":"2024-02-18T19:44:20","guid":{"rendered":"http:\/\/sportunion-sachseln.ch\/?page_id=2662"},"modified":"2024-02-18T21:47:48","modified_gmt":"2024-02-18T19:47:48","slug":"datenschutzgesetz","status":"publish","type":"page","link":"https:\/\/sportunion-sachseln.ch\/?page_id=2662","title":{"rendered":"Datenschutzerkl\u00e4rung"},"content":{"rendered":"\n<p>Der Schutz Ihrer Privatsph\u00e4re ist uns ein wichtiges Anliegen. Mit der folgenden Datenschutzerkl\u00e4rung erl\u00e4utern wir Ihnen, welche Personendaten wir von Ihnen zu welchem Zweck bearbeiten, wenn Sie unsere Website besuchen oder Sie Mitglied in unserem Verein sind.<\/p>\n\n\n\n<div class=\"wp-block-file\"><a href=\"https:\/\/sportunion-sachseln.ch\/wp-content\/uploads\/2024\/02\/Datenschutzerkla\u0308rung-SU-Sachseln-2.pdf\">Datenschutzerkla\u0308rung-SU-Sachseln<\/a><a href=\"https:\/\/sportunion-sachseln.ch\/wp-content\/uploads\/2024\/02\/Datenschutzerkla\u0308rung-SU-Sachseln-2.pdf\" class=\"wp-block-file__button\" download>Herunterladen<\/a><\/div>\n","protected":false},"excerpt":{"rendered":"<p>Der Schutz Ihrer Privatsph\u00e4re ist uns ein wichtiges Anliegen. Mit der folgenden Datenschutzerkl\u00e4rung erl\u00e4utern wir Ihnen, welche Personendaten wir von Ihnen zu welchem Zweck bearbeiten, wenn Sie unsere Website besuchen oder Sie Mitglied in unserem Verein sind.<\/p>\n","protected":false},"author":1,"featured_media":0,"parent":0,"menu_order":0,"comment_status":"closed","ping_status":"closed","template":"","meta":[],"_links":{"self":[{"href":"https:\/\/sportunion-sachseln.ch\/index.php?rest_route=\/wp\/v2\/pages\/2662"}],"collection":[{"href":"https:\/\/sportunion-sachseln.ch\/index.php?rest_route=\/wp\/v2\/pages"}],"about":[{"href":"https:\/\/sportunion-sachseln.ch\/index.php?rest_route=\/wp\/v2\/types\/page"}],"author":[{"embeddable":true,"href":"https:\/\/sportunion-sachseln.ch\/index.php?rest_route=\/wp\/v2\/users\/1"}],"replies":[{"embeddable":true,"href":"https:\/\/sportunion-sachseln.ch\/index.php?rest_route=%2Fwp%2Fv2%2Fcomments&post=2662"}],"version-history":[{"count":3,"href":"https:\/\/sportunion-sachseln.ch\/index.php?rest_route=\/wp\/v2\/pages\/2662\/revisions"}],"predecessor-version":[{"id":2670,"href":"https:\/\/sportunion-sachseln.ch\/index.php?rest_route=\/wp\/v2\/pages\/2662\/revisions\/2670"}],"wp:attachment":[{"href":"https:\/\/sportunion-sachseln.ch\/index.php?rest_route=%2Fwp%2Fv2%2Fmedia&parent=2662"}],"curies":[{"name":"wp","href":"https:\/\/api.w.org\/{rel}","templated":true}]}}