{"id":1912,"date":"2020-05-23T11:15:26","date_gmt":"2020-05-23T11:15:26","guid":{"rendered":"http:\/\/sportunion-sachseln.ch\/?page_id=1912"},"modified":"2026-03-09T20:40:21","modified_gmt":"2026-03-09T18:40:21","slug":"riegenuebersicht","status":"publish","type":"page","link":"https:\/\/sportunion-sachseln.ch\/?page_id=1912","title":{"rendered":"\u00dcbersicht Kinderriegen"},"content":{"rendered":"\n<p>Hier findest du eine grobe \u00dcbersicht unserer Kinderriegen.<\/p>\n\n\n\n<div style=\"height:46px\" aria-hidden=\"true\" class=\"wp-block-spacer\"><\/div>\n\n\n\n<figure class=\"wp-block-table\"><table><tbody><tr><td><strong>Riege<\/strong><\/td><td><strong>Alter<\/strong><\/td><td><strong>Turnzeiten<\/strong><\/td><td><strong>Turnhalle<\/strong><\/td><td><strong>Kosten<\/strong><\/td><td><strong>Auskunft und Anmeldung<\/strong><\/td><td><strong>Besonderes<\/strong><\/td><\/tr><tr><td><strong>Turnpalast<\/strong><br>(Turnen mit Mami, Papi, Gotti, G\u00f6tti&#8230;)<\/td><td>1-4 Jahre<\/td><td>Mittwoch<br>09.00 &#8211; 11.00 Uhr<br><\/td><td>MZG Fl\u00fceli-Ranft<\/td><td>5.- Fr. pro Kind und Woche<\/td><td>priskavonglutz@gmx.ch<br><em><strong>keine Anmeldung erforderlich<\/strong><\/em><\/td><td>ungeleitetes Turnen und Spielen f\u00fcr Jungs und M\u00e4dchen. Die Aufsichtspflicht liegt bei der jeweiligen Begleitperson des Kindes.<\/td><\/tr><tr><td><strong>Muki<\/strong><br>(Turnen mit Mami, aber auch D\u00e4di, Gotti&#8230;)<\/td><td><strong>Turnjahr 2024\/2025<\/strong><br>3 und 4 -J\u00e4hrige mit<br>Geb.-Datum:<br>1.5.20 \u2013 31.7.22<\/td><td>Donnerstag 16.00- 17.00 Uhr<br><br>Herbstferien bis Ostern<\/td><td>T\u00fcrli<\/td><td>45.- Fr. pro Kind und Jahr<\/td><td>Jasmin della Torre<br>079 790 91 61 oder j.dellatorre@gmx.ch<\/td><td>f\u00fcr Jungs und M\u00e4dchen<br>In der letzten Lektion findet<br>das Mukireisli statt.<\/td><\/tr><tr><td><strong>Vaki<\/strong><br>(Turnen mit D\u00e4di oder G\u00f6tti&#8217;s)<\/td><td>3 &#8211; 5 Jahre<\/td><td>Samstag<br>10.00 &#8211; 11.00 Uhr<br>(siehe Homepagerubrik Vaki)<\/td><td>T\u00fcrli<\/td><td>4.- Fr. pro Stunde<\/td><td>info@sportunion-sachseln.ch<br><em><strong>keine Anmeldung erforderlich<\/strong><\/em><\/td><td>f\u00fcr Jungs und M\u00e4dchen<br>In der letzten Lektion findet<br>der Vakiausflug statt.<\/td><\/tr><tr><td><strong>Kinderturnen klein<\/strong><\/td><td><strong>Turnjahr 2024\/2025<\/strong><br>mit Geb.-Datum: 1.5.19 &#8211; 30.4.20<\/td><td>Montag<br>17.00 &#8211; 18.00 Uhr<br><br>Herbstferien &#8211; Auffahrt<\/td><td>T\u00fcrli<\/td><td>50.- Fr. pro Kind und Jahr<\/td><td>Priska von Glutz<br>priskavonglutz@gmx.ch<\/td><td>f\u00fcr Jungs und M\u00e4dchen<\/td><\/tr><tr><td><strong>Kinderturnen gross<\/strong><\/td><td>Kinder im grossen Kindergarten und der 1. Klasse<\/td><td>Freitag<br>16.00 &#8211; 17.00 Uhr oder 17.00 &#8211; 18.00 Uhr<br><br>Oktober &#8211; Mitte Mai<\/td><td>T\u00fcrli<\/td><td>50.- Fr. pro Kind und Jahr<\/td><td>Rita Spichtig<br>rpsp@bluewin.ch<\/td><td>f\u00fcr Jungs und M\u00e4dchen<\/td><\/tr><tr><td><strong>M\u00e4dchenriege<\/strong><\/td><td>M\u00e4dchen in der 2. Klasse<\/td><td>Dienstag<br>17.30 &#8211; 19.30 Uhr<br>Start 3. Schulwoche nach den Sommerferien<\/td><td>Mattli<\/td><td>60.- Fr. pro Kind und Jahr<\/td><td>Claudia Egger<br>egger@bluemail.ch<\/td><td>nur f\u00fcr M\u00e4dchen<\/td><\/tr><tr><td><strong>Ger\u00e4teturnen<\/strong><\/td><td>M\u00e4dchen ab der 3. Klasse<\/td><td>Montag<br>18.00 &#8211; 20.00 Uhr<br>Start 2. Schulwoche nach den Sommerferien<\/td><td>Mattli<\/td><td>100.- Fr. pro Kind und Jahr (exkl. Startgelder f\u00fcr Wettk\u00e4mpfe und Turndressmiete)<\/td><td>Karin Langensand<br>041 660 08 17 oder ok70@bluewin.ch<\/td><td>nur f\u00fcr M\u00e4dchen<br>Da die M\u00e4dchen im Ger\u00e4teturnen enger betreut werden m\u00fcssen, fordert es etwas mehr Leitungspersonen. Deshalb ist der Jahresbeitrag etwas h\u00f6her gegen\u00fcber anderer Riegen.<\/td><\/tr><tr><td><strong>Jugi<\/strong><\/td><td>M\u00e4dchen 3. &#8211; 5. Klasse<\/td><td>Freitag<br>18.15 &#8211; 19.45 Uhr<br>Start 3. Schulwoche nach den Sommerferien<\/td><td>T\u00fcrli<\/td><td>60.- Fr. pro Kind und Jahr<\/td><td>Andrea von Moos<br>wagner_andrea@bluewin.ch<\/td><td>nur f\u00fcr M\u00e4dchen<\/td><\/tr><tr><td><strong>Polysport<\/strong><\/td><td>Jungs ab der 3. Klasse und f\u00fcr M\u00e4dchen ab der 6. Klasse bis 3. KOS<\/td><td>Donnerstag 18.30 &#8211; 20.00 Uhr<br>Start 1. Schulwoche nach den Sommerferien<\/td><td>Mattli<\/td><td>30.- Fr. pro Kind und Jahr<\/td><td>info@sportunion-sachseln.ch<\/td><td>f\u00fcr Jungs und M\u00e4dchen<br>Wird durch die Sport Union Sachseln sowie auch durch den Turnverein Sachseln geleitet<\/td><\/tr><\/tbody><\/table><figcaption><br>Unsere Leiterinnen bilden sich regelm\u00e4ssig durch Jugend und Sport \u2013 Kurse (J&amp;S) weiter. Somit k\u00f6nnen wir den Kindern ein abwechslungsreiches und auf ihr Alter abgestimmtes Turnen bieten.<\/figcaption><\/figure>\n","protected":false},"excerpt":{"rendered":"<p>Hier findest du eine grobe \u00dcbersicht unserer Kinderriegen. Riege Alter Turnzeiten Turnhalle Kosten Auskunft und Anmeldung Besonderes Turnpalast(Turnen mit Mami, Papi, Gotti, G\u00f6tti&#8230;) 1-4 Jahre Mittwoch09.00 &#8211; 11.00 Uhr MZG Fl\u00fceli-Ranft 5.- Fr. pro Kind und Woche priskavonglutz@gmx.chkeine Anmeldung erforderlich&hellip; <\/p>\n","protected":false},"author":1,"featured_media":0,"parent":0,"menu_order":0,"comment_status":"closed","ping_status":"closed","template":"","meta":[],"_links":{"self":[{"href":"https:\/\/sportunion-sachseln.ch\/index.php?rest_route=\/wp\/v2\/pages\/1912"}],"collection":[{"href":"https:\/\/sportunion-sachseln.ch\/index.php?rest_route=\/wp\/v2\/pages"}],"about":[{"href":"https:\/\/sportunion-sachseln.ch\/index.php?rest_route=\/wp\/v2\/types\/page"}],"author":[{"embeddable":true,"href":"https:\/\/sportunion-sachseln.ch\/index.php?rest_route=\/wp\/v2\/users\/1"}],"replies":[{"embeddable":true,"href":"https:\/\/sportunion-sachseln.ch\/index.php?rest_route=%2Fwp%2Fv2%2Fcomments&post=1912"}],"version-history":[{"count":63,"href":"https:\/\/sportunion-sachseln.ch\/index.php?rest_route=\/wp\/v2\/pages\/1912\/revisions"}],"predecessor-version":[{"id":2977,"href":"https:\/\/sportunion-sachseln.ch\/index.php?rest_route=\/wp\/v2\/pages\/1912\/revisions\/2977"}],"wp:attachment":[{"href":"https:\/\/sportunion-sachseln.ch\/index.php?rest_route=%2Fwp%2Fv2%2Fmedia&parent=1912"}],"curies":[{"name":"wp","href":"https:\/\/api.w.org\/{rel}","templated":true}]}}