{"id":132,"date":"2015-05-10T20:53:39","date_gmt":"2015-05-10T20:53:39","guid":{"rendered":"http:\/\/sportunion-sachseln.ch\/?page_id=132"},"modified":"2025-06-22T21:55:50","modified_gmt":"2025-06-22T19:55:50","slug":"polysport-2","status":"publish","type":"page","link":"https:\/\/sportunion-sachseln.ch\/?page_id=132","title":{"rendered":"Polysport"},"content":{"rendered":"<h5>Turnhalle Mattli\/T\u00fcrli<\/h5>\n<p>2. \u2013 5. Klasse sind im T\u00fcrli \/ 6. Klasse \u2013 3. KOS sind im Mattli<\/p>\n<p>Donnerstag 18.30 \u2013\u00a020.00 Uhr<\/p>\n<p>Die Sport Union Sachseln und der Turnverein Sachseln leiten gemeinsam das Polysport.\u00a0 Nach den Sommerferien bieten wir f\u00fcr Jungs ab der 2. Klasse und f\u00fcr M\u00e4dchen ab der 6. Klasse bis 3. KOS ein abwechslungsreiches Programm an. Wir probieren verschiedene Sportarten aus, machen etwas f\u00fcr unsere Fitness und nat\u00fcrlich viele Spiele. Bei uns steht der Spass im Vordergrund und nicht die sportliche Leistung.<\/p>\n<p><strong>Genauere Informationen zur Anmeldung: <a href=\"http:\/\/sportunion-sachseln.ch\/wp-content\/uploads\/2025\/06\/2025_Polysport.pdf\">Ausschreibung Polysport<\/a><\/strong><\/p>\n<h5>Unter der Leitung von<\/h5>\n<p><strong>Fabian Omlin<\/strong><br \/>\n<strong>Daniel B\u00e4bi<\/strong><br \/>\n<strong>Ronny Rohrer<\/strong><br \/>\n<strong>Armin Beckenbauer<\/strong><\/p>\n<p>E-Mail: info@sportunion-sachseln.ch<\/p>\n","protected":false},"excerpt":{"rendered":"<p>Turnhalle Mattli\/T\u00fcrli 2. \u2013 5. Klasse sind im T\u00fcrli \/ 6. Klasse \u2013 3. KOS sind im Mattli Donnerstag 18.30 \u2013\u00a020.00 Uhr Die Sport Union Sachseln und der Turnverein Sachseln leiten gemeinsam das Polysport.\u00a0 Nach den Sommerferien bieten wir f\u00fcr&hellip; <\/p>\n","protected":false},"author":1,"featured_media":0,"parent":0,"menu_order":0,"comment_status":"closed","ping_status":"closed","template":"","meta":[],"_links":{"self":[{"href":"https:\/\/sportunion-sachseln.ch\/index.php?rest_route=\/wp\/v2\/pages\/132"}],"collection":[{"href":"https:\/\/sportunion-sachseln.ch\/index.php?rest_route=\/wp\/v2\/pages"}],"about":[{"href":"https:\/\/sportunion-sachseln.ch\/index.php?rest_route=\/wp\/v2\/types\/page"}],"author":[{"embeddable":true,"href":"https:\/\/sportunion-sachseln.ch\/index.php?rest_route=\/wp\/v2\/users\/1"}],"replies":[{"embeddable":true,"href":"https:\/\/sportunion-sachseln.ch\/index.php?rest_route=%2Fwp%2Fv2%2Fcomments&post=132"}],"version-history":[{"count":27,"href":"https:\/\/sportunion-sachseln.ch\/index.php?rest_route=\/wp\/v2\/pages\/132\/revisions"}],"predecessor-version":[{"id":2931,"href":"https:\/\/sportunion-sachseln.ch\/index.php?rest_route=\/wp\/v2\/pages\/132\/revisions\/2931"}],"wp:attachment":[{"href":"https:\/\/sportunion-sachseln.ch\/index.php?rest_route=%2Fwp%2Fv2%2Fmedia&parent=132"}],"curies":[{"name":"wp","href":"https:\/\/api.w.org\/{rel}","templated":true}]}}