{"id":116,"date":"2015-05-10T20:52:39","date_gmt":"2015-05-10T20:52:39","guid":{"rendered":"http:\/\/sportunion-sachseln.ch\/?page_id=116"},"modified":"2025-07-22T22:28:49","modified_gmt":"2025-07-22T20:28:49","slug":"muki-turnen-2","status":"publish","type":"page","link":"https:\/\/sportunion-sachseln.ch\/?page_id=116","title":{"rendered":"Muki-Turnen"},"content":{"rendered":"<h5>Turnhalle T\u00fcrli<\/h5>\n<p><strong>Wo die Kleinen die Gr\u00f6ssten sind <\/strong><\/p>\n<p>(F\u00fcr Kinder im 3. -4. Lebensjahr)<\/p>\n<p>Wir stampfen wie Elefanten, klettern wie Affen, schleichen wie Katzen, br\u00fcllen wie L\u00f6wen und fliegen wie Schmetterlinge durch die Luft. Auch rutschen wir nahezu furchtlos hohe Wasserf\u00e4lle hinunter, schlagen Purzelb\u00e4ume, \u00fcberwinden Hindernisse und landen dabei schon mal bei den Sternen. Hoher Seegang kann uns ebenso wenig bremsen wie rutschige Eisberge oder wackelige Br\u00fccken. Wir tanzen auf dem Regenbogen, lassen uns von Sonnenstrahlen streicheln und geniessen die N\u00e4he zwischen Mutter und Kind.<\/p>\n<p>Im Muki (Mutter-Kind-Turnen, aber auch mit D\u00e4di, Gotti\u2026) sammelt Ihr Kind erste Erfahrungen in einer Gruppe. Es entdeckt auf spielerische, fantasievolle Weise die Freude am Turnen. Das Muki f\u00f6rdert Mut, (Selbst-)Vertrauen und Selbst\u00e4ndigkeit, bietet aber auch Nestw\u00e4rme durch Rituale und die N\u00e4he zu Ihnen.<\/p>\n<p>Die ungeteilte Aufmerksamkeit eines Elternteils ist etwas Besonderes f\u00fcr Ihr Kind. Wenn m\u00f6glich, geniessen Sie deshalb diese Stunde alleine mit ihm.<\/p>\n<p>Die Muki-Leiterinnen<\/p>\n<p>Edith Burch, Sabin della Torre, Jasmin della Torre und Fabienne Stalder<\/p>\n<p><strong>2025\/2026<\/strong><\/p>\n<p>3 und 4-j\u00e4hrige Kinder mit Geburtstag 1.3.21\u2013 31.7.23, Donnerstag 16.00- 17.00 Uhr<\/p>\n<p>Das Mukiturnen startet jeweils nach den Herbstferien und dauert bis zu den Osterferien.<\/p>\n<p>Kosten: 45.- Fr. pro Kind und Jahr<\/p>\n<p><strong>Anmeldungen ab: 21.08.2025<\/strong><\/p>\n<p><strong>Anmeldeschluss: 15.09.2025<\/strong><\/p>\n<p><span style=\"font-size: inherit;\">Auskunft und Anmeldung: Jasmin della Torre 079 790 91 61 oder j.dellatorre@gmx.ch<\/span><\/p>\n<p>In der letzten Lektion findet unser Muki-Reisli statt.<\/p>\n<p><a href=\"http:\/\/sportunion-sachseln.ch\/wp-content\/uploads\/2015\/05\/muki-474x3211.jpg\"><img loading=\"lazy\" class=\"alignnone size-full wp-image-349\" src=\"http:\/\/sportunion-sachseln.ch\/wp-content\/uploads\/2015\/05\/muki-474x3211.jpg\" alt=\"muki-474x321\" width=\"474\" height=\"321\" srcset=\"https:\/\/sportunion-sachseln.ch\/wp-content\/uploads\/2015\/05\/muki-474x3211.jpg 474w, https:\/\/sportunion-sachseln.ch\/wp-content\/uploads\/2015\/05\/muki-474x3211-300x203.jpg 300w\" sizes=\"(max-width: 474px) 100vw, 474px\" \/><\/a><\/p>\n<h5>Unter der Leitung von<\/h5>\n<p><strong>Edith Burch<br \/>\n<\/strong><strong>Sabin della Torre<br \/>\n<\/strong><strong>Jasmin della Torre<br \/>\nFabienne Stalder<\/strong><\/p>\n<p>E-Mail: info@sportunion-sachseln.ch<\/p>\n","protected":false},"excerpt":{"rendered":"<p>Turnhalle T\u00fcrli Wo die Kleinen die Gr\u00f6ssten sind (F\u00fcr Kinder im 3. -4. Lebensjahr) Wir stampfen wie Elefanten, klettern wie Affen, schleichen wie Katzen, br\u00fcllen wie L\u00f6wen und fliegen wie Schmetterlinge durch die Luft. Auch rutschen wir nahezu furchtlos hohe&hellip; <\/p>\n","protected":false},"author":1,"featured_media":0,"parent":0,"menu_order":0,"comment_status":"closed","ping_status":"closed","template":"","meta":[],"_links":{"self":[{"href":"https:\/\/sportunion-sachseln.ch\/index.php?rest_route=\/wp\/v2\/pages\/116"}],"collection":[{"href":"https:\/\/sportunion-sachseln.ch\/index.php?rest_route=\/wp\/v2\/pages"}],"about":[{"href":"https:\/\/sportunion-sachseln.ch\/index.php?rest_route=\/wp\/v2\/types\/page"}],"author":[{"embeddable":true,"href":"https:\/\/sportunion-sachseln.ch\/index.php?rest_route=\/wp\/v2\/users\/1"}],"replies":[{"embeddable":true,"href":"https:\/\/sportunion-sachseln.ch\/index.php?rest_route=%2Fwp%2Fv2%2Fcomments&post=116"}],"version-history":[{"count":43,"href":"https:\/\/sportunion-sachseln.ch\/index.php?rest_route=\/wp\/v2\/pages\/116\/revisions"}],"predecessor-version":[{"id":2949,"href":"https:\/\/sportunion-sachseln.ch\/index.php?rest_route=\/wp\/v2\/pages\/116\/revisions\/2949"}],"wp:attachment":[{"href":"https:\/\/sportunion-sachseln.ch\/index.php?rest_route=%2Fwp%2Fv2%2Fmedia&parent=116"}],"curies":[{"name":"wp","href":"https:\/\/api.w.org\/{rel}","templated":true}]}}